{"id":8977,"date":"2024-07-15T21:32:25","date_gmt":"2024-07-16T00:32:25","guid":{"rendered":"https:\/\/horadamiss.com\/votacao\/?post_type=product&#038;p=8977"},"modified":"2024-07-16T16:11:22","modified_gmt":"2024-07-16T19:11:22","slug":"eliz-cavalcante","status":"publish","type":"product","link":"https:\/\/www.horadamiss.com\/votacao\/miss\/eliz-cavalcante\/","title":{"rendered":"Eliz Cavalcante"},"content":{"rendered":"","protected":false},"excerpt":{"rendered":"<p>Vota\u00e7\u00e3o dispon\u00edvel!<br \/>\nA data de encerramento da vota\u00e7\u00e3o \u00e9 dia 10\/08\/2024 \u00e0s 18h (hor\u00e1rio de Bras\u00edlia) | 17h (hor\u00e1rio de Manaus).<\/p>\n","protected":false},"featured_media":8978,"template":"","meta":{"_joinchat":[]},"product_brand":[],"product_cat":[56],"product_tag":[],"class_list":{"0":"post-8977","1":"product","2":"type-product","3":"status-publish","4":"has-post-thumbnail","6":"product_cat-miss-universe-amazonas","8":"first","9":"instock","10":"taxable","11":"shipping-taxable","12":"purchasable","13":"product-type-simple"},"_links":{"self":[{"href":"https:\/\/www.horadamiss.com\/votacao\/wp-json\/wp\/v2\/product\/8977","targetHints":{"allow":["GET"]}}],"collection":[{"href":"https:\/\/www.horadamiss.com\/votacao\/wp-json\/wp\/v2\/product"}],"about":[{"href":"https:\/\/www.horadamiss.com\/votacao\/wp-json\/wp\/v2\/types\/product"}],"wp:featuredmedia":[{"embeddable":true,"href":"https:\/\/www.horadamiss.com\/votacao\/wp-json\/wp\/v2\/media\/8978"}],"wp:attachment":[{"href":"https:\/\/www.horadamiss.com\/votacao\/wp-json\/wp\/v2\/media?parent=8977"}],"wp:term":[{"taxonomy":"product_brand","embeddable":true,"href":"https:\/\/www.horadamiss.com\/votacao\/wp-json\/wp\/v2\/product_brand?post=8977"},{"taxonomy":"product_cat","embeddable":true,"href":"https:\/\/www.horadamiss.com\/votacao\/wp-json\/wp\/v2\/product_cat?post=8977"},{"taxonomy":"product_tag","embeddable":true,"href":"https:\/\/www.horadamiss.com\/votacao\/wp-json\/wp\/v2\/product_tag?post=8977"}],"curies":[{"name":"wp","href":"https:\/\/api.w.org\/{rel}","templated":true}]}}